{"id":400,"date":"2023-07-18T12:42:54","date_gmt":"2023-07-18T10:42:54","guid":{"rendered":"http:\/\/educacio-online-recursos-test.azurewebsites.net\/?page_id=400"},"modified":"2023-07-18T12:42:54","modified_gmt":"2023-07-18T10:42:54","slug":"introduccion","status":"publish","type":"page","link":"http:\/\/educacio-online-recursos-test.azurewebsites.net\/es\/introduccion\/","title":{"rendered":"Introducci\u00f3n"},"content":{"rendered":"<p>Este material presenta lo que es la educaci\u00f3n en l\u00ednea hoy a partir de los siguientes doce apartados autosuficientes, pero al mismo tiempo interrelacionados:<\/p>\n<ol>\n<li>Educaci\u00f3n en l\u00ednea<\/li>\n<li>Los pilares del aprendizaje: flexibilidad, colaboraci\u00f3n, interacci\u00f3n, personalizaci\u00f3n e informalizaci\u00f3n<\/li>\n<li>Rol activo del estudiante<\/li>\n<li>Docente acompa\u00f1ante<\/li>\n<li>Metodolog\u00edas activas y colaborativas<\/li>\n<li>Modelo centrado en la actividad<\/li>\n<li>Selecci\u00f3n y creaci\u00f3n de recursos<\/li>\n<li>Tecnolog\u00edas digitales: entorno y herramientas<\/li>\n<li>Modelo de evaluaci\u00f3n: continua, formativa y diversificada<\/li>\n<li>Autorregulaci\u00f3n del aprendizaje<\/li>\n<li>La cuesti\u00f3n del tiempo<\/li>\n<li>Ecolog\u00edas de aprendizaje<\/li>\n<\/ol>\n<p>El inicio de la pandemia (COVID-19) hizo acelerar cambios sobre la manera de organizarnos, relacionarnos, formarnos y trabajar, e indiscutiblemente tambi\u00e9n sobre la manera de ense\u00f1ar y aprender en contextos educativos din\u00e1micos, que conllevan la implementaci\u00f3n de pr\u00e1cticas de docencia h\u00edbrida (presencial y virtual) o docencia a distancia, remota, con apoyo de tecnolog\u00eda o totalmente en l\u00ednea (Sangr\u00e0, 2021).<\/p>\n<p>Desde entonces, muchos de los conceptos, estrategias, orientaci\u00f3n y recomendaciones que encontrar\u00e9is en este material os pueden ser \u00fatiles para cualquier modelo de formaci\u00f3n, presencial, semipresencial, h\u00edbrido o presencial, con tecnolog\u00edas digitales y abordados desde la mirada de la docencia en l\u00ednea. Os situar\u00e1n ante un nuevo paradigma.<\/p>\n","protected":false},"excerpt":{"rendered":"<p>Este material presenta lo que es la educaci\u00f3n en l\u00ednea hoy a partir de los siguientes doce apartados autosuficientes, pero al mismo tiempo interrelacionados: Educaci\u00f3n en l\u00ednea Los pilares del aprendizaje: flexibilidad, colaboraci\u00f3n, interacci\u00f3n, personalizaci\u00f3n e informalizaci\u00f3n Rol activo del estudiante Docente acompa\u00f1ante Metodolog\u00edas activas y colaborativas Modelo centrado en la actividad Selecci\u00f3n y creaci\u00f3n [&hellip;]<\/p>\n","protected":false},"author":2,"featured_media":0,"parent":0,"menu_order":0,"comment_status":"closed","ping_status":"closed","template":"","meta":{"inline_featured_image":false},"acf":[],"_links":{"self":[{"href":"http:\/\/educacio-online-recursos-test.azurewebsites.net\/es\/wp-json\/wp\/v2\/pages\/400"}],"collection":[{"href":"http:\/\/educacio-online-recursos-test.azurewebsites.net\/es\/wp-json\/wp\/v2\/pages"}],"about":[{"href":"http:\/\/educacio-online-recursos-test.azurewebsites.net\/es\/wp-json\/wp\/v2\/types\/page"}],"author":[{"embeddable":true,"href":"http:\/\/educacio-online-recursos-test.azurewebsites.net\/es\/wp-json\/wp\/v2\/users\/2"}],"replies":[{"embeddable":true,"href":"http:\/\/educacio-online-recursos-test.azurewebsites.net\/es\/wp-json\/wp\/v2\/comments?post=400"}],"version-history":[{"count":2,"href":"http:\/\/educacio-online-recursos-test.azurewebsites.net\/es\/wp-json\/wp\/v2\/pages\/400\/revisions"}],"predecessor-version":[{"id":402,"href":"http:\/\/educacio-online-recursos-test.azurewebsites.net\/es\/wp-json\/wp\/v2\/pages\/400\/revisions\/402"}],"wp:attachment":[{"href":"http:\/\/educacio-online-recursos-test.azurewebsites.net\/es\/wp-json\/wp\/v2\/media?parent=400"}],"curies":[{"name":"wp","href":"https:\/\/api.w.org\/{rel}","templated":true}]}}